{"id":112,"date":"2014-10-07T18:19:46","date_gmt":"2014-10-07T17:19:46","guid":{"rendered":"http:\/\/www.laverie-pechbonnieu.fr\/prive\/?page_id=112"},"modified":"2023-02-06T18:23:42","modified_gmt":"2023-02-06T17:23:42","slug":"conditions-generales-de-ventes-2","status":"publish","type":"page","link":"https:\/\/www.laverie-pechbonnieu.fr\/prive\/?page_id=112","title":{"rendered":"Conditions g\u00e9nerales de Ventes"},"content":{"rendered":"<div>\n<p>CONDITIONS GENERALES DE VENTE<\/p>\n<p>Pour l\u2019option<\/p>\n<p>\u00ab Prise en charge de votre linge \u00e0 votre domicile et\/ou sur votre lieu de travail et retour de votre linge \u00e0 votre domicile et\/ou sur votre lieu de travail \u00bb<\/p>\n<p>LE SEUL FAIT DE LA REMISE DU LINGE ET DES VETEMENTS \u00e0 la Laverie Pechbonnilienne CONSTITUE L\u2019ACCEPTATION DE CES CONDITIONS.<\/p>\n<p>Le client s\u2019engage \u00e0 \u00eatre pr\u00e9sent sur le lieu de ramassage et de livraison convenus entre les deux parties. Le client s\u2019engage \u00e0 respecter les horaires de ramassage et livraison convenus.<\/p>\n<p>Le client s\u2019engage \u00e0 r\u00e9gler la totalit\u00e9 du montant des prestations\u00a0 souhait\u00e9es \u00e0 la commande de la prestation (lavage et\/ou s\u00e9chage et\/ou pliage)<br \/>\n(Sauf conditions particuli\u00e8res convenues avec le client).<\/p>\n<p><strong>LES HORAIRES<\/strong><\/p>\n<p>Pour toute demande de cette option de \u00ab Prise de linge \u00e0 votre domicile et\/ou sur votre lieu de travail et retour de votre linge \u00e0 domicile et\/ou sur votre lieu de travail \u00bb : Permanence t\u00e9l\u00e9phonique de La Laverie Pechbonnilienne : du lundi au samedi de 8h \u00e0 20h<\/p>\n<p>(En dehors de ces horaires, le r\u00e9pondeur enregistre votre message)<\/p>\n<p>Tourn\u00e9e &#8221; MATIN &#8221; : du lundi au vendredi de 8h \u00e0 10h.<br \/>\nTourn\u00e9e &#8221; SOIR &#8221; : du lundi au vendredi de 18h \u00e0 20h.<\/p>\n<h2>\u00a0Le \u00a0client \u00a0a \u00a0la \u00a0possibilit\u00e9 \u00a0de \u00a0pr\u00e9ciser \u00a0une \u00a0pr\u00e9f\u00e9rence \u00a0d\u2019heure. \u00a0Dans \u00a0la \u00a0mesure \u00a0du \u00a0possible, \u00a0La \u00a0Laverie Pechbonnilienne s&#8217;efforcera de respecter les souhaits de son client.<\/h2>\n<p>Merci \u00a0de \u00a0pr\u00e9voir \u00a0ce \u00a0cr\u00e9neau \u00a0horaire \u00a0dans \u00a0votre \u00a0emploi \u00a0du \u00a0temps \u00a0le \u00a0jour \u00a0du \u00a0passage \u00a0de \u00a0La \u00a0Laverie Pechbonnilienne.<\/p>\n<p>Toutefois, pour des raisons de gestion et d&#8217;organisation des tourn\u00e9es, les rendez-vous peuvent \u00eatre sensiblement d\u00e9cal\u00e9s : Circulation al\u00e9atoire, trafic routier perturb\u00e9&#8230;<\/p>\n<p>Dans ces cas, La Laverie Pechbonnilienne s\u2019engage \u00e0 pr\u00e9venir son client et ne pourra \u00eatre tenue pour responsable d&#8217;\u00e9ventuels passages en avance ou en retard.<\/p>\n<p><strong>\u00a0IMPORTANT<\/strong><\/p>\n<p>Nous vous rappelons que les rendez-vous fix\u00e9s doivent imp\u00e9rativement \u00eatre respect\u00e9s. En cas d&#8217;emp\u00eachement \u00e9ventuel :<\/p>\n<p>Le client a la possibilit\u00e9 de reporter le rendez-vous \u00e0 tout moment par t\u00e9l\u00e9phone au 06.60.31.38.46. L&#8217;absence du client au moment pr\u00e9vu du ramassage ou de la livraison, entra\u00eenera la facturation syst\u00e9matique du forfait pr\u00e9vu ci-dessous en fonction de la zone d\u2019habitation.<\/p>\n<p>Ci-dessous rappel des zones :<\/p>\n<p><strong>Jusqu\u2019\u00e0\u00a06 km autour de Pechbonnieu : <\/strong>Forfait ramassage\/livraison :\u00a06 \u20ac\u00a0(enl\u00e8vement aller-retour 3\u20ac\u00a0 \/ restitution aller-retour 3\u20ac)<\/p>\n<p><span style=\"font-family: Calibri\"><span style=\"font-size: medium\">\u00a0<strong>7 \u00e0 10 kms autour de Pechbonnieu<\/strong><\/span><span style=\"font-size: medium\">\u00a0: <\/span><span style=\"font-size: medium\">Forfait ramassage\/livraison : 10 \u20ac\u00a0<\/span>(enl\u00e8vement aller-retour 5\u20ac\u00a0 \/ restitution aller-retour 5\u20ac)<\/span><strong><br \/>\n<\/strong><\/p>\n<p><span style=\"font-family: Calibri\"><strong><span style=\"font-size: medium\">10 \u00e0 15 kms autour de Pechbonnieu<\/span><\/strong><span style=\"font-size: medium\">\u00a0: <\/span><span style=\"font-size: medium\">Forfait ramassage\/livraison : 12 \u20ac\u00a0 <\/span>(enl\u00e8vement aller-retour 6\u20ac\u00a0 \/ restitution aller-retour 6\u20ac)<\/span><\/p>\n<p><em><strong>*<\/strong> : Quel que soit le nombre de pi\u00e8ces confi\u00e9es (couettes, linge, duvet, dessus de lit, oreillers, etc) \u2013 Tarif \u00e0 ajouter au montant de la prestation globale d\u00e9cid\u00e9e par le client (lavages et\/ou s\u00e9chages et\/ou pliage)<\/em><\/p>\n<\/div>\n<p><strong>LES REGLEMENTS ACCEPTES<\/strong><\/p>\n<p>Esp\u00e8ces \u2013 La centrale de paiement rend la monnaie<br \/>\nCh\u00e8que bancaire &#8211; Virement (pour les professionnels)<\/p>\n<p>Etablissement de facture sur demande.<\/p>\n<p><strong>\u00a0RECLAMATIONS<\/strong><\/p>\n<p>Les r\u00e9clamations qui pourraient survenir sont, autant que possible, r\u00e9gl\u00e9es \u00e0 l&#8217;amiable entre les parties int\u00e9ress\u00e9es.<\/p>\n<p>Elles doivent \u00eatre imp\u00e9rativement formul\u00e9es au moment de la livraison de l&#8217;article. Toute r\u00e9clamation ult\u00e9rieure sera irrecevable.<\/p>\n<p>En raison de l&#8217;impossibilit\u00e9 de fixer d&#8217;une mani\u00e8re ind\u00e9niable la valeur des articles au moment o\u00f9 ils sont remis, la responsabilit\u00e9 de La Laverie Pechbonnilienne ne saura \u00eatre engag\u00e9e.<\/p>\n<p>En cas de d\u00e9t\u00e9rioration, la responsabilit\u00e9 de La Laverie Pechbonnilienne n&#8217;est pas engag\u00e9e dans le cas suivant de lavages ou s\u00e9chages pour les :<\/p>\n<p>articles en fibres m\u00e9lang\u00e9es d\u00e9pourvus d&#8217;\u00e9tiquetage de composition.<\/p>\n<p>articles manifestement tr\u00e8s us\u00e9s ne r\u00e9sistant pas \u00e0 un lavage ou \u00e0 un s\u00e9chage normal.<\/p>\n<p>accessoires non textiles d&#8217;un article.<\/p>\n<p>La Laverie Pechbonnilienne se r\u00e9serve le droit de modifier les tarifs \u00e0 tout moment En cas de litige, seuls les tribunaux de TOULOUSE sont comp\u00e9tents<\/p>\n<p>La Laverie Pechbonnilienne \u2013 EURL REMNAT au capital de 5000\u20ac &#8211; RCS Toulouse 795 098 466 &#8211; Code APE 9601 B<\/p>\n","protected":false},"excerpt":{"rendered":"<p>CONDITIONS GENERALES DE VENTE Pour l\u2019option \u00ab Prise en charge de votre linge \u00e0 votre domicile et\/ou sur votre lieu de travail et retour de votre linge \u00e0 votre domicile et\/ou sur votre lieu de travail \u00bb LE SEUL FAIT &hellip; <a href=\"https:\/\/www.laverie-pechbonnieu.fr\/prive\/?page_id=112\">Continuer la lecture <span class=\"meta-nav\">&rarr;<\/span><\/a><\/p>\n","protected":false},"author":2,"featured_media":0,"parent":0,"menu_order":0,"comment_status":"closed","ping_status":"open","template":"","meta":[],"_links":{"self":[{"href":"https:\/\/www.laverie-pechbonnieu.fr\/prive\/index.php?rest_route=\/wp\/v2\/pages\/112"}],"collection":[{"href":"https:\/\/www.laverie-pechbonnieu.fr\/prive\/index.php?rest_route=\/wp\/v2\/pages"}],"about":[{"href":"https:\/\/www.laverie-pechbonnieu.fr\/prive\/index.php?rest_route=\/wp\/v2\/types\/page"}],"author":[{"embeddable":true,"href":"https:\/\/www.laverie-pechbonnieu.fr\/prive\/index.php?rest_route=\/wp\/v2\/users\/2"}],"replies":[{"embeddable":true,"href":"https:\/\/www.laverie-pechbonnieu.fr\/prive\/index.php?rest_route=%2Fwp%2Fv2%2Fcomments&post=112"}],"version-history":[{"count":9,"href":"https:\/\/www.laverie-pechbonnieu.fr\/prive\/index.php?rest_route=\/wp\/v2\/pages\/112\/revisions"}],"predecessor-version":[{"id":269,"href":"https:\/\/www.laverie-pechbonnieu.fr\/prive\/index.php?rest_route=\/wp\/v2\/pages\/112\/revisions\/269"}],"wp:attachment":[{"href":"https:\/\/www.laverie-pechbonnieu.fr\/prive\/index.php?rest_route=%2Fwp%2Fv2%2Fmedia&parent=112"}],"curies":[{"name":"wp","href":"https:\/\/api.w.org\/{rel}","templated":true}]}}