{"id":9,"date":"2013-10-27T12:39:19","date_gmt":"2013-10-27T11:39:19","guid":{"rendered":"http:\/\/www.laverie-pechbonnieu.fr\/prive\/?page_id=9"},"modified":"2026-01-01T18:20:54","modified_gmt":"2026-01-01T17:20:54","slug":"tarifs","status":"publish","type":"page","link":"https:\/\/www.laverie-pechbonnieu.fr\/prive\/?page_id=9","title":{"rendered":"Tarifs &amp; Prestations"},"content":{"rendered":"<p align=\"center\"><span style=\"color: #3366ff\"><strong>A la Laverie <em>Pechbonnilienne\u2026.<\/em><\/strong><\/span><\/p>\n<p>&#8211; 3 Machines \u00e0 Laver 8 Kg \u2013 Tarif : <strong>6,70 \u20ac<br \/>\n<\/strong>&#8211; 2 Machines \u00e0 Laver 20 Kg \u2013 Tarif : <strong>13 \u20ac<br \/>\n<\/strong>&#8211; 3 S\u00e9choirs \u00ab\u00a0<em>Grande capacit\u00e9<\/em>\u00a0\u00bb \u2013 Tarif : <strong>2,40 \u20ac les 10 mn<br \/>\n<\/strong>&#8211; 1 Distributeur de lessive professionnelle : <strong>0,90 \u20ac la dose<\/strong><\/p>\n<p><strong>Paiements Billets &amp; pi\u00e8ces<\/strong> (<em>la Centrale rend la monnaie)<\/em>,<strong>CB<\/strong> <em>contact ou sans contact<\/em><\/p>\n<p style=\"text-align: left\" align=\"center\">Possibilit\u00e9 de prise en charge de votre linge \u00e0 votre domicile et\/ou sur votre lieu de travail + OPTION \u00ab\u00a0<em>Retour de votre linge \u00e0 votre domicile \u00a0et\/ou sur votre lieu de travail <\/em><\/p>\n<p><strong><span style=\"color: #000000\">Jusqu&#8217;\u00e0\u00a06 km autour de Pechbonnieu<\/span><span style=\"color: #000000\"> : <\/span><\/strong><span style=\"color: #000000\">Forfait ramassage\/livraison :\u00a06 \u20ac\u00a0(enl\u00e8vement aller-retour 3\u20ac\u00a0 \/ restitution aller-retour 3\u20ac)\u00a0\u00a0<\/span><\/p>\n<p><span style=\"font-family: Calibri\"><span style=\"font-size: medium\"><span style=\"color: #000000\"><span style=\"color: #333333\"><strong>\u00a07 \u00e0 10 kms autour de Pechbonnieu\u00a0:<\/strong> <\/span>Forfait ramassage\/livraison : 10 \u20ac\u00a0<\/span><\/span><\/span><span style=\"font-family: Calibri\"><span style=\"color: #000000;font-size: medium\">(enl\u00e8vement aller-retour 5\u20ac<\/span><span style=\"color: #000000;font-size: medium\">\u00a0 <\/span><span style=\"color: #000000;font-size: medium\">\/ restitution aller-retour 5\u20ac)<\/span><\/span><strong><br \/>\n<\/strong><\/p>\n<p><span style=\"font-family: Calibri\"><span style=\"font-size: medium\"><span style=\"color: #000000\"><span style=\"color: #333333\"><strong>10 \u00e0 15 kms autour de Pechbonnieu<\/strong>\u00a0: <\/span>Forfait ramassage\/livraison : 12 \u20ac\u00a0 <\/span><\/span><span style=\"color: #000000;font-size: medium\">(enl\u00e8vement aller-retour 6\u20ac<\/span><span style=\"color: #000000;font-size: medium\">\u00a0 <\/span><span style=\"color: #000000;font-size: medium\">\/ restitution aller-retour 6\u20ac)<\/span><\/span><\/p>\n<p><em><strong>*<\/strong> : Quel que soit le nombre de pi\u00e8ces confi\u00e9es (couettes, linge, duvet, dessus de lit, oreillers, etc) &#8211; Tarif \u00e0 ajouter au montant de la prestation globale d\u00e9cid\u00e9e par le client (lavages et\/ou s\u00e9chages et\/ou pliage)<\/em><\/p>\n<p style=\"text-align: center\">-:-:-:-<\/p>\n<p align=\"center\"><span style=\"color: #0000ff\"><strong>Prestations de prise en charge, d\u00e9p\u00f4t \u00e0 la laverie :<\/strong><\/span><\/p>\n<p align=\"center\"><em>Temps pass\u00e9 (tri, manipulation, d\u00e9tachage, mise en machine, mise au s\u00e9chage, pliage)<\/em><\/p>\n<p align=\"center\">&#8211; Du linge courant\u00a0(lavage et\/ou s\u00e9chage + pliage) : 0.45c la minute *<\/p>\n<p style=\"text-align: center\"><span style=\"color: #0000ff\"><strong><strong>Co\u00fbt de la prise en charge &#8220;d\u00e9p\u00f4t \u00e0 la laverie&#8221; des \u00ab\u00a0grosses\u00a0pi\u00e8ces\u00a0\u00bb :<\/strong><\/strong><\/span><\/p>\n<ul>\n<li><span style=\"float: none;background-color: transparent;color: #333333;font-family: 'Helvetica Neue',Helvetica,Arial,'Nimbus Sans L',sans-serif;font-size: 15px;font-style: normal;font-variant: normal;font-weight: 300;letter-spacing: normal;list-style-type: square;text-align: left;text-decoration: none;text-indent: 0px\"><strong>4.00 \u20ac \/pi\u00e8ce *<\/strong> : <\/span>Couettes, couvertures, duvets, boutis, \u00e9dredons, housses de canap\u00e9, oreillers, traversins, coussins, tapis :<\/li>\n<li><strong>5.00\u20ac \/pi\u00e8ce*<\/strong> si prise en charge d&#8217;articles en plume (+ de s\u00e9chage, de temps et de manipulation)<\/li>\n<\/ul>\n<p style=\"text-align: center\"><span style=\"color: #0000ff\"><strong><strong>Produits propos\u00e9s (<em>ajout \u00e0 la machine ou au s\u00e9choir<\/em>) *\u00a0:<\/strong><\/strong><\/span><\/p>\n<ul>\n<li>Berlingot de javel concentr\u00e9\u00a0: 0.50c pi\u00e8ce<\/li>\n<li>Pastilles de javel, les 3\u00a0: 0.30c les 3<\/li>\n<li>Dose d\u2019assouplissant\u00a0: 0.40c sur une petite machine\u00a0 \u2013 0.80c sur une grosse machine<\/li>\n<li>Lingettes anti d\u00e9coloration\u00a0: 0.20c pi\u00e8ce<\/li>\n<li>Lingettes adoucissantes (<em>\u00e0 ajouter au s\u00e9choir<\/em>)\u00a0: 0.40c pi\u00e8ce<\/li>\n<li>Autres produits souhait\u00e9s\u00a0: Me consulter<\/li>\n<\/ul>\n<p><strong><strong>*<\/strong><\/strong>\u00a0: Montant \u00e0 ajouter \u00e0 la prestation de lavage et\/ou s\u00e9chage et\/ou pliage<\/p>\n","protected":false},"excerpt":{"rendered":"<p>A la Laverie Pechbonnilienne\u2026. &#8211; 3 Machines \u00e0 Laver 8 Kg \u2013 Tarif : 6,70 \u20ac &#8211; 2 Machines \u00e0 Laver 20 Kg \u2013 Tarif : 13 \u20ac &#8211; 3 S\u00e9choirs \u00ab\u00a0Grande capacit\u00e9\u00a0\u00bb \u2013 Tarif : 2,40 \u20ac les 10 &hellip; <a href=\"https:\/\/www.laverie-pechbonnieu.fr\/prive\/?page_id=9\">Continuer la lecture <span class=\"meta-nav\">&rarr;<\/span><\/a><\/p>\n","protected":false},"author":2,"featured_media":0,"parent":0,"menu_order":0,"comment_status":"closed","ping_status":"open","template":"","meta":[],"_links":{"self":[{"href":"https:\/\/www.laverie-pechbonnieu.fr\/prive\/index.php?rest_route=\/wp\/v2\/pages\/9"}],"collection":[{"href":"https:\/\/www.laverie-pechbonnieu.fr\/prive\/index.php?rest_route=\/wp\/v2\/pages"}],"about":[{"href":"https:\/\/www.laverie-pechbonnieu.fr\/prive\/index.php?rest_route=\/wp\/v2\/types\/page"}],"author":[{"embeddable":true,"href":"https:\/\/www.laverie-pechbonnieu.fr\/prive\/index.php?rest_route=\/wp\/v2\/users\/2"}],"replies":[{"embeddable":true,"href":"https:\/\/www.laverie-pechbonnieu.fr\/prive\/index.php?rest_route=%2Fwp%2Fv2%2Fcomments&post=9"}],"version-history":[{"count":30,"href":"https:\/\/www.laverie-pechbonnieu.fr\/prive\/index.php?rest_route=\/wp\/v2\/pages\/9\/revisions"}],"predecessor-version":[{"id":305,"href":"https:\/\/www.laverie-pechbonnieu.fr\/prive\/index.php?rest_route=\/wp\/v2\/pages\/9\/revisions\/305"}],"wp:attachment":[{"href":"https:\/\/www.laverie-pechbonnieu.fr\/prive\/index.php?rest_route=%2Fwp%2Fv2%2Fmedia&parent=9"}],"curies":[{"name":"wp","href":"https:\/\/api.w.org\/{rel}","templated":true}]}}